{"id":17,"date":"2026-01-12T16:11:17","date_gmt":"2026-01-12T16:11:17","guid":{"rendered":"https:\/\/atebeasesores.es\/?page_id=17"},"modified":"2026-02-25T10:58:36","modified_gmt":"2026-02-25T10:58:36","slug":"nuestra-empresa","status":"publish","type":"page","link":"https:\/\/atebeasesores.es\/en\/nuestra-empresa\/","title":{"rendered":"Nuestra empresa"},"content":{"rendered":"<div data-elementor-type=\"wp-page\" data-elementor-id=\"17\" class=\"elementor elementor-17\" data-elementor-post-type=\"page\">\n\t\t\t\t<div class=\"elementor-element elementor-element-01312a3 e-flex e-con-boxed e-con e-parent\" data-id=\"01312a3\" data-element_type=\"container\" data-e-type=\"container\" data-settings=\"{&quot;background_background&quot;:&quot;gradient&quot;}\">\n\t\t\t\t\t<div class=\"e-con-inner\">\n\t\t<div class=\"elementor-element elementor-element-04bee1d e-con-full e-flex elementor-invisible e-con e-child\" data-id=\"04bee1d\" data-element_type=\"container\" data-e-type=\"container\" data-settings=\"{&quot;animation&quot;:&quot;fadeIn&quot;}\">\n\t\t\t\t<div class=\"elementor-element elementor-element-26ccc64 elementor-widget-tablet__width-inherit elementor-widget elementor-widget-heading\" data-id=\"26ccc64\" data-element_type=\"widget\" data-e-type=\"widget\" data-widget_type=\"heading.default\">\n\t\t\t\t\t<h1 class=\"elementor-heading-title elementor-size-default\">Nuestra Empresa<\/h1>\t\t\t\t<\/div>\n\t\t\t\t<div class=\"elementor-element elementor-element-839bb74 elementor-widget elementor-widget-heading\" data-id=\"839bb74\" data-element_type=\"widget\" data-e-type=\"widget\" data-widget_type=\"heading.default\">\n\t\t\t\t\t<p class=\"elementor-heading-title elementor-size-default\">Conoce la historia, los valores y el equipo que hacen de ATEBE Asesores tu socio de confianza.<\/p>\t\t\t\t<\/div>\n\t\t\t\t<\/div>\n\t\t\t\t<div class=\"elementor-element elementor-element-94eb786 elementor-widget__width-inherit elementor-invisible elementor-widget elementor-widget-image\" data-id=\"94eb786\" data-element_type=\"widget\" data-e-type=\"widget\" data-settings=\"{&quot;_animation&quot;:&quot;fadeInUp&quot;}\" data-widget_type=\"image.default\">\n\t\t\t\t\t\t\t\t\t\t\t\t\t\t\t<img fetchpriority=\"high\" decoding=\"async\" width=\"2560\" height=\"1707\" src=\"https:\/\/atebeasesores.es\/wp-content\/uploads\/2026\/02\/abstract-virtual-social-network-concept-modern-furnished-office-background-multiexposure_11zon-scaled.jpg\" class=\"attachment-full size-full wp-image-315\" alt=\"\" srcset=\"https:\/\/atebeasesores.es\/wp-content\/uploads\/2026\/02\/abstract-virtual-social-network-concept-modern-furnished-office-background-multiexposure_11zon-scaled.jpg 2560w, https:\/\/atebeasesores.es\/wp-content\/uploads\/2026\/02\/abstract-virtual-social-network-concept-modern-furnished-office-background-multiexposure_11zon-300x200.jpg 300w, https:\/\/atebeasesores.es\/wp-content\/uploads\/2026\/02\/abstract-virtual-social-network-concept-modern-furnished-office-background-multiexposure_11zon-1024x683.jpg 1024w, https:\/\/atebeasesores.es\/wp-content\/uploads\/2026\/02\/abstract-virtual-social-network-concept-modern-furnished-office-background-multiexposure_11zon-768x512.jpg 768w, https:\/\/atebeasesores.es\/wp-content\/uploads\/2026\/02\/abstract-virtual-social-network-concept-modern-furnished-office-background-multiexposure_11zon-1536x1024.jpg 1536w, https:\/\/atebeasesores.es\/wp-content\/uploads\/2026\/02\/abstract-virtual-social-network-concept-modern-furnished-office-background-multiexposure_11zon-2048x1365.jpg 2048w\" sizes=\"(max-width: 2560px) 100vw, 2560px\" \/>\t\t\t\t\t\t\t\t\t\t\t\t\t\t\t<\/div>\n\t\t\t\t\t<\/div>\n\t\t\t\t<\/div>\n\t\t<div class=\"elementor-element elementor-element-bd806c9 e-con-full e-flex e-con e-parent\" data-id=\"bd806c9\" data-element_type=\"container\" data-e-type=\"container\" data-settings=\"{&quot;background_background&quot;:&quot;classic&quot;}\">\n\t\t<div class=\"elementor-element elementor-element-59ae986 e-con-full e-flex elementor-invisible e-con e-child\" data-id=\"59ae986\" data-element_type=\"container\" data-e-type=\"container\" data-settings=\"{&quot;animation&quot;:&quot;fadeInLeft&quot;,&quot;animation_tablet&quot;:&quot;fadeInUp&quot;}\">\n\t\t\t\t<div class=\"elementor-element elementor-element-e298540 elementor-widget elementor-widget-image\" data-id=\"e298540\" data-element_type=\"widget\" data-e-type=\"widget\" data-widget_type=\"image.default\">\n\t\t\t\t\t\t\t\t\t\t\t\t\t\t\t<img decoding=\"async\" width=\"901\" height=\"507\" src=\"https:\/\/atebeasesores.es\/wp-content\/uploads\/2026\/01\/wmremove-transformed.png\" class=\"attachment-full size-full wp-image-290\" alt=\"\" srcset=\"https:\/\/atebeasesores.es\/wp-content\/uploads\/2026\/01\/wmremove-transformed.png 901w, https:\/\/atebeasesores.es\/wp-content\/uploads\/2026\/01\/wmremove-transformed-300x169.png 300w, https:\/\/atebeasesores.es\/wp-content\/uploads\/2026\/01\/wmremove-transformed-768x432.png 768w\" sizes=\"(max-width: 901px) 100vw, 901px\" \/>\t\t\t\t\t\t\t\t\t\t\t\t\t\t\t<\/div>\n\t\t\t\t<\/div>\n\t\t<div class=\"elementor-element elementor-element-5ebec1c e-con-full e-flex elementor-invisible e-con e-child\" data-id=\"5ebec1c\" data-element_type=\"container\" data-e-type=\"container\" data-settings=\"{&quot;animation&quot;:&quot;fadeInUp&quot;,&quot;animation_tablet&quot;:&quot;fadeIn&quot;}\">\n\t\t\t\t<div class=\"elementor-element elementor-element-6b92a1a elementor-widget elementor-widget-heading\" data-id=\"6b92a1a\" data-element_type=\"widget\" data-e-type=\"widget\" data-widget_type=\"heading.default\">\n\t\t\t\t\t<h2 class=\"elementor-heading-title elementor-size-default\">Un legado de confianza<\/h2>\t\t\t\t<\/div>\n\t\t\t\t<div class=\"elementor-element elementor-element-780f2e9 elementor-widget elementor-widget-text-editor\" data-id=\"780f2e9\" data-element_type=\"widget\" data-e-type=\"widget\" data-widget_type=\"text-editor.default\">\n\t\t\t\t\t\t\t\t\t<p>Fundada en 1988, ATEBE Asesores naci\u00f3 con la vocaci\u00f3n de ofrecer un servicio de asesoramiento integral y de alta calidad a las empresas y profesionales de nuestro entorno.<\/p><p>A lo largo de estas m\u00e1s de tres d\u00e9cadas, hemos mantenido intactos nuestros principios fundacionales: rigor, honestidad y una dedicaci\u00f3n absoluta a nuestros clientes.<\/p><p>Hemos sido testigos y part\u00edcipes del crecimiento de cientos de negocios, adapt\u00e1ndonos a un entorno econ\u00f3mico y legislativo en constante cambio, pero siempre con el mismo objetivo: aportar seguridad y valor a quienes conf\u00edan en nosotros.<\/p>\t\t\t\t\t\t\t\t<\/div>\n\t\t\t\t<\/div>\n\t\t\t\t<\/div>\n\t\t<div class=\"elementor-element elementor-element-f6dec1e e-con-full e-flex e-con e-parent\" data-id=\"f6dec1e\" data-element_type=\"container\" data-e-type=\"container\" data-settings=\"{&quot;background_background&quot;:&quot;classic&quot;}\">\n\t\t<div class=\"elementor-element elementor-element-80fd63a e-flex e-con-boxed e-con e-child\" data-id=\"80fd63a\" data-element_type=\"container\" data-e-type=\"container\" data-settings=\"{&quot;background_background&quot;:&quot;classic&quot;}\">\n\t\t\t\t\t<div class=\"e-con-inner\">\n\t\t<div class=\"elementor-element elementor-element-48ca167 e-con-full e-flex elementor-invisible e-con e-child\" data-id=\"48ca167\" data-element_type=\"container\" data-e-type=\"container\" data-settings=\"{&quot;background_background&quot;:&quot;gradient&quot;,&quot;animation&quot;:&quot;zoomIn&quot;}\">\n\t\t\t\t<div class=\"elementor-element elementor-element-9d17e6a elementor-widget elementor-widget-heading\" data-id=\"9d17e6a\" data-element_type=\"widget\" data-e-type=\"widget\" data-widget_type=\"heading.default\">\n\t\t\t\t\t<h2 class=\"elementor-heading-title elementor-size-default\">\u00bfListo para hacer crecer tu negocio?<\/h2>\t\t\t\t<\/div>\n\t\t\t\t<div class=\"elementor-element elementor-element-4ca4d93 elementor-widget elementor-widget-text-editor\" data-id=\"4ca4d93\" data-element_type=\"widget\" data-e-type=\"widget\" data-widget_type=\"text-editor.default\">\n\t\t\t\t\t\t\t\t\t<p>Contacta con nuestro equipo de expertos y descubre c\u00f3mo podemos ayudarte a alcanzar tus objetivos.<\/p>\t\t\t\t\t\t\t\t<\/div>\n\t\t\t\t<div class=\"elementor-element elementor-element-83a22ca elementor-widget elementor-widget-button\" data-id=\"83a22ca\" data-element_type=\"widget\" data-e-type=\"widget\" data-widget_type=\"button.default\">\n\t\t\t\t\t\t\t\t\t\t<a class=\"elementor-button elementor-button-link elementor-size-sm\" href=\"https:\/\/atebeasesores.es\/en\/contacto\/\">\n\t\t\t\t\t\t<span class=\"elementor-button-content-wrapper\">\n\t\t\t\t\t\t\t\t\t<span class=\"elementor-button-text\">Contacta con nosotros<\/span>\n\t\t\t\t\t<\/span>\n\t\t\t\t\t<\/a>\n\t\t\t\t\t\t\t\t<\/div>\n\t\t\t\t<\/div>\n\t\t\t\t\t<\/div>\n\t\t\t\t<\/div>\n\t\t\t\t<\/div>\n\t\t\t\t<\/div>","protected":false},"excerpt":{"rendered":"<p>Nuestra Empresa Conoce la historia, los valores y el equipo que hacen de ATEBE Asesores tu socio de confianza. Un legado de confianza Fundada en 1988, ATEBE Asesores naci\u00f3 con la vocaci\u00f3n de ofrecer un servicio de asesoramiento integral y de alta calidad a las empresas y profesionales de nuestro entorno. A lo largo de [&hellip;]<\/p>\n","protected":false},"author":2,"featured_media":0,"parent":0,"menu_order":0,"comment_status":"closed","ping_status":"closed","template":"","meta":{"footnotes":""},"class_list":["post-17","page","type-page","status-publish","hentry"],"_links":{"self":[{"href":"https:\/\/atebeasesores.es\/en\/wp-json\/wp\/v2\/pages\/17","targetHints":{"allow":["GET"]}}],"collection":[{"href":"https:\/\/atebeasesores.es\/en\/wp-json\/wp\/v2\/pages"}],"about":[{"href":"https:\/\/atebeasesores.es\/en\/wp-json\/wp\/v2\/types\/page"}],"author":[{"embeddable":true,"href":"https:\/\/atebeasesores.es\/en\/wp-json\/wp\/v2\/users\/2"}],"replies":[{"embeddable":true,"href":"https:\/\/atebeasesores.es\/en\/wp-json\/wp\/v2\/comments?post=17"}],"version-history":[{"count":31,"href":"https:\/\/atebeasesores.es\/en\/wp-json\/wp\/v2\/pages\/17\/revisions"}],"predecessor-version":[{"id":320,"href":"https:\/\/atebeasesores.es\/en\/wp-json\/wp\/v2\/pages\/17\/revisions\/320"}],"wp:attachment":[{"href":"https:\/\/atebeasesores.es\/en\/wp-json\/wp\/v2\/media?parent=17"}],"curies":[{"name":"wp","href":"https:\/\/api.w.org\/{rel}","templated":true}]}}