{"id":19,"date":"2026-01-12T16:11:23","date_gmt":"2026-01-12T16:11:23","guid":{"rendered":"https:\/\/atebeasesores.es\/?page_id=19"},"modified":"2026-03-17T10:50:25","modified_gmt":"2026-03-17T10:50:25","slug":"contacto","status":"publish","type":"page","link":"https:\/\/atebeasesores.es\/en\/contacto\/","title":{"rendered":"Contacto"},"content":{"rendered":"\t\t<div data-elementor-type=\"wp-page\" data-elementor-id=\"19\" class=\"elementor elementor-19\" data-elementor-post-type=\"page\">\n\t\t\t\t<div class=\"elementor-element elementor-element-4629a8c e-flex e-con-boxed e-con e-parent\" data-id=\"4629a8c\" data-element_type=\"container\" data-e-type=\"container\" data-settings=\"{&quot;background_background&quot;:&quot;gradient&quot;}\">\n\t\t\t\t\t<div class=\"e-con-inner\">\n\t\t<div class=\"elementor-element elementor-element-fd99da4 e-con-full e-flex elementor-invisible e-con e-child\" data-id=\"fd99da4\" data-element_type=\"container\" data-e-type=\"container\" data-settings=\"{&quot;animation&quot;:&quot;fadeIn&quot;}\">\n\t\t\t\t<div class=\"elementor-element elementor-element-cc0ca01 elementor-widget elementor-widget-heading\" data-id=\"cc0ca01\" data-element_type=\"widget\" data-e-type=\"widget\" data-widget_type=\"heading.default\">\n\t\t\t\t\t<h1 class=\"elementor-heading-title elementor-size-default\">Contacto<\/h1>\t\t\t\t<\/div>\n\t\t\t\t<div class=\"elementor-element elementor-element-80cb2a7 elementor-widget elementor-widget-heading\" data-id=\"80cb2a7\" data-element_type=\"widget\" data-e-type=\"widget\" data-widget_type=\"heading.default\">\n\t\t\t\t\t<p class=\"elementor-heading-title elementor-size-default\">Estamos aqu\u00ed para ayudarte. Rellena el formulario o utiliza nuestros datos de contacto.<\/p>\t\t\t\t<\/div>\n\t\t\t\t<div class=\"elementor-element elementor-element-95fc86b elementor-widget__width-inherit elementor-widget elementor-widget-image\" data-id=\"95fc86b\" data-element_type=\"widget\" data-e-type=\"widget\" data-widget_type=\"image.default\">\n\t\t\t\t\t\t\t\t\t\t\t\t\t\t\t<img fetchpriority=\"high\" decoding=\"async\" width=\"911\" height=\"462\" src=\"https:\/\/atebeasesores.es\/wp-content\/uploads\/2026\/01\/Imagen-contacto.webp\" class=\"attachment-full size-full wp-image-224\" alt=\"Imagen contacto\" srcset=\"https:\/\/atebeasesores.es\/wp-content\/uploads\/2026\/01\/Imagen-contacto.webp 911w, https:\/\/atebeasesores.es\/wp-content\/uploads\/2026\/01\/Imagen-contacto-300x152.webp 300w, https:\/\/atebeasesores.es\/wp-content\/uploads\/2026\/01\/Imagen-contacto-768x389.webp 768w\" sizes=\"(max-width: 911px) 100vw, 911px\" \/>\t\t\t\t\t\t\t\t\t\t\t\t\t\t\t<\/div>\n\t\t\t\t<\/div>\n\t\t<div class=\"elementor-element elementor-element-300548d e-con-full e-flex elementor-invisible e-con e-child\" data-id=\"300548d\" data-element_type=\"container\" data-e-type=\"container\" data-settings=\"{&quot;background_background&quot;:&quot;classic&quot;,&quot;animation&quot;:&quot;fadeInRight&quot;}\">\n\t\t\t\t<div class=\"elementor-element elementor-element-67099db elementor-widget elementor-widget-heading\" data-id=\"67099db\" data-element_type=\"widget\" data-e-type=\"widget\" data-widget_type=\"heading.default\">\n\t\t\t\t\t<h3 class=\"elementor-heading-title elementor-size-default\">Env\u00edanos un mensaje<\/h3>\t\t\t\t<\/div>\n\t\t\t\t<div class=\"elementor-element elementor-element-c21e37e elementor-button-align-stretch elementor-widget elementor-widget-form\" data-id=\"c21e37e\" data-element_type=\"widget\" data-e-type=\"widget\" data-settings=\"{&quot;step_next_label&quot;:&quot;Siguiente&quot;,&quot;step_previous_label&quot;:&quot;Anterior&quot;,&quot;button_width&quot;:&quot;100&quot;,&quot;step_type&quot;:&quot;number_text&quot;,&quot;step_icon_shape&quot;:&quot;circle&quot;}\" data-widget_type=\"form.default\">\n\t\t\t\t\t\t\t<form class=\"elementor-form\" method=\"post\" name=\"Nuevo formulario\" aria-label=\"Nuevo formulario\">\n\t\t\t<input type=\"hidden\" name=\"post_id\" value=\"19\"\/>\n\t\t\t<input type=\"hidden\" name=\"form_id\" value=\"c21e37e\"\/>\n\t\t\t<input type=\"hidden\" name=\"referer_title\" value=\"Contacto\" \/>\n\n\t\t\t\t\t\t\t<input type=\"hidden\" name=\"queried_id\" value=\"19\"\/>\n\t\t\t\n\t\t\t<div class=\"elementor-form-fields-wrapper elementor-labels-above\">\n\t\t\t\t\t\t\t\t<div class=\"elementor-field-type-text elementor-field-group elementor-column elementor-field-group-name elementor-col-100 elementor-field-required elementor-mark-required\">\n\t\t\t\t\t\t\t\t\t\t\t\t<label for=\"form-field-name\" class=\"elementor-field-label\">\n\t\t\t\t\t\t\t\tNombre\t\t\t\t\t\t\t<\/label>\n\t\t\t\t\t\t\t\t\t\t\t\t\t\t<input size=\"1\" type=\"text\" name=\"form_fields[name]\" id=\"form-field-name\" class=\"elementor-field elementor-size-md  elementor-field-textual\" placeholder=\"Tu nombre\" required=\"required\">\n\t\t\t\t\t\t\t\t\t\t\t<\/div>\n\t\t\t\t\t\t\t\t<div class=\"elementor-field-type-email elementor-field-group elementor-column elementor-field-group-email elementor-col-100 elementor-field-required elementor-mark-required\">\n\t\t\t\t\t\t\t\t\t\t\t\t<label for=\"form-field-email\" class=\"elementor-field-label\">\n\t\t\t\t\t\t\t\tEmail\t\t\t\t\t\t\t<\/label>\n\t\t\t\t\t\t\t\t\t\t\t\t\t\t<input size=\"1\" type=\"email\" name=\"form_fields[email]\" id=\"form-field-email\" class=\"elementor-field elementor-size-md  elementor-field-textual\" placeholder=\"tu@email.com\" required=\"required\">\n\t\t\t\t\t\t\t\t\t\t\t<\/div>\n\t\t\t\t\t\t\t\t<div class=\"elementor-field-type-textarea elementor-field-group elementor-column elementor-field-group-message elementor-col-100 elementor-field-required elementor-mark-required\">\n\t\t\t\t\t\t\t\t\t\t\t\t<label for=\"form-field-message\" class=\"elementor-field-label\">\n\t\t\t\t\t\t\t\tMensaje\t\t\t\t\t\t\t<\/label>\n\t\t\t\t\t\t<textarea class=\"elementor-field-textual elementor-field  elementor-size-md\" name=\"form_fields[message]\" id=\"form-field-message\" rows=\"4\" placeholder=\"Cu\u00e9ntanos como podemos ayudarte\" required=\"required\"><\/textarea>\t\t\t\t<\/div>\n\t\t\t\t\t\t\t\t<div class=\"elementor-field-group elementor-column elementor-field-type-submit elementor-col-100 e-form__buttons\">\n\t\t\t\t\t<button class=\"elementor-button elementor-size-sm\" type=\"submit\">\n\t\t\t\t\t\t<span class=\"elementor-button-content-wrapper\">\n\t\t\t\t\t\t\t\t\t\t\t\t\t\t\t\t\t\t\t\t\t\t<span class=\"elementor-button-text\">Enviar mensaje<\/span>\n\t\t\t\t\t\t\t\t\t\t\t\t\t<\/span>\n\t\t\t\t\t<\/button>\n\t\t\t\t<\/div>\n\t\t\t<\/div>\n\t\t<\/form>\n\t\t\t\t\t\t<\/div>\n\t\t\t\t<\/div>\n\t\t\t\t\t<\/div>\n\t\t\t\t<\/div>\n\t\t<div class=\"elementor-element elementor-element-17729dc e-flex e-con-boxed e-con e-parent\" data-id=\"17729dc\" data-element_type=\"container\" data-e-type=\"container\">\n\t\t\t\t\t<div class=\"e-con-inner\">\n\t\t<div class=\"elementor-element elementor-element-fe914a5 e-grid e-con-full e-con e-child\" data-id=\"fe914a5\" data-element_type=\"container\" data-e-type=\"container\">\n\t\t<div class=\"elementor-element elementor-element-c430eea e-con-full e-flex e-con e-child\" data-id=\"c430eea\" data-element_type=\"container\" data-e-type=\"container\" data-settings=\"{&quot;background_background&quot;:&quot;gradient&quot;}\">\n\t\t\t\t<div class=\"elementor-element elementor-element-2d63fc1 elementor-view-default elementor-position-block-start elementor-mobile-position-block-start elementor-widget elementor-widget-icon-box\" data-id=\"2d63fc1\" data-element_type=\"widget\" data-e-type=\"widget\" data-widget_type=\"icon-box.default\">\n\t\t\t\t\t\t\t<div class=\"elementor-icon-box-wrapper\">\n\n\t\t\t\t\t\t<div class=\"elementor-icon-box-icon\">\n\t\t\t\t<span  class=\"elementor-icon\">\n\t\t\t\t<svg xmlns=\"http:\/\/www.w3.org\/2000\/svg\" width=\"69\" height=\"69\" viewBox=\"0 0 69 69\" fill=\"none\"><rect width=\"69\" height=\"69\" rx=\"34.5\" fill=\"#0FB7BF\"><\/rect><path d=\"M34.5 16.9276C38.3456 16.9276 42.0338 18.4553 44.753 21.1746C47.4723 23.8938 49 27.582 49 31.4276C49 36.3802 46.2998 40.4337 43.4546 43.3418C42.033 44.779 40.4819 46.082 38.821 47.2342L38.1347 47.7014L37.8124 47.9157L37.2051 48.3024L36.6637 48.6327L35.9935 49.0226C35.5386 49.2822 35.0238 49.4188 34.5 49.4188C33.9762 49.4188 33.4614 49.2822 33.0065 49.0226L32.3363 48.6327L31.4985 48.1171L31.1892 47.9157L30.5286 47.4759C28.7368 46.2636 27.0678 44.8789 25.5454 43.3418C22.7002 40.4321 20 36.3802 20 31.4276C20 27.582 21.5277 23.8938 24.247 21.1746C26.9662 18.4553 30.6544 16.9276 34.5 16.9276ZM34.5 26.5943C33.8653 26.5943 33.2368 26.7193 32.6504 26.9622C32.064 27.2051 31.5311 27.5611 31.0823 28.0099C30.6335 28.4587 30.2775 28.9916 30.0346 29.578C29.7917 30.1644 29.6667 30.7929 29.6667 31.4276C29.6667 32.0623 29.7917 32.6908 30.0346 33.2772C30.2775 33.8637 30.6335 34.3965 31.0823 34.8453C31.5311 35.2941 32.064 35.6501 32.6504 35.893C33.2368 36.1359 33.8653 36.2609 34.5 36.2609C35.7819 36.2609 37.0113 35.7517 37.9177 34.8453C38.8241 33.9389 39.3333 32.7095 39.3333 31.4276C39.3333 30.1457 38.8241 28.9164 37.9177 28.0099C37.0113 27.1035 35.7819 26.5943 34.5 26.5943Z\" fill=\"#0F0F0F\"><\/path><\/svg>\t\t\t\t<\/span>\n\t\t\t<\/div>\n\t\t\t\n\t\t\t\t\t\t<div class=\"elementor-icon-box-content\">\n\n\t\t\t\t\t\t\t\t\t<h3 class=\"elementor-icon-box-title\">\n\t\t\t\t\t\t<span  >\n\t\t\t\t\t\t\tPl. de Cascorro, 11, Local 8, Centro, 28005 Madrid, Espa\u00f1a\t\t\t\t\t\t<\/span>\n\t\t\t\t\t<\/h3>\n\t\t\t\t\n\t\t\t\t\n\t\t\t<\/div>\n\t\t\t\n\t\t<\/div>\n\t\t\t\t\t\t<\/div>\n\t\t\t\t<\/div>\n\t\t<div class=\"elementor-element elementor-element-79de817 e-con-full e-flex e-con e-child\" data-id=\"79de817\" data-element_type=\"container\" data-e-type=\"container\" data-settings=\"{&quot;background_background&quot;:&quot;gradient&quot;}\">\n\t\t\t\t<div class=\"elementor-element elementor-element-1c8a4ca elementor-view-default elementor-position-block-start elementor-mobile-position-block-start elementor-widget elementor-widget-icon-box\" data-id=\"1c8a4ca\" data-element_type=\"widget\" data-e-type=\"widget\" data-widget_type=\"icon-box.default\">\n\t\t\t\t\t\t\t<div class=\"elementor-icon-box-wrapper\">\n\n\t\t\t\t\t\t<div class=\"elementor-icon-box-icon\">\n\t\t\t\t<span  class=\"elementor-icon\">\n\t\t\t\t<svg xmlns=\"http:\/\/www.w3.org\/2000\/svg\" width=\"69\" height=\"69\" viewBox=\"0 0 69 69\" fill=\"none\"><rect width=\"69\" height=\"69\" rx=\"34.5\" fill=\"#0FB7BF\"><\/rect><path d=\"M19.7 49.5C18.6825 49.5 17.8118 49.1331 17.0878 48.3994C16.3638 47.6656 16.0012 46.7825 16 45.75V23.25C16 22.2187 16.3626 21.3362 17.0878 20.6025C17.813 19.8687 18.6837 19.5012 19.7 19.5H49.3C50.3175 19.5 51.1888 19.8675 51.914 20.6025C52.6392 21.3375 53.0012 22.22 53 23.25V45.75C53 46.7812 52.638 47.6644 51.914 48.3994C51.1901 49.1344 50.3187 49.5012 49.3 49.5H19.7ZM34.5 36.0469C34.6542 36.0469 34.8163 36.0231 34.9865 35.9756C35.1567 35.9281 35.3183 35.8581 35.4712 35.7656L48.56 27.4687C48.8067 27.3125 48.9917 27.1175 49.115 26.8837C49.2383 26.65 49.3 26.3919 49.3 26.1094C49.3 25.4844 49.0379 25.0156 48.5137 24.7031C47.9896 24.3906 47.45 24.4062 46.895 24.75L34.5 32.625L22.105 24.75C21.55 24.4062 21.0104 24.3987 20.4862 24.7275C19.9621 25.0562 19.7 25.5169 19.7 26.1094C19.7 26.4219 19.7617 26.6956 19.885 26.9306C20.0083 27.1656 20.1933 27.345 20.44 27.4687L33.5287 35.7656C33.6829 35.8594 33.8451 35.93 34.0153 35.9775C34.1855 36.025 34.3471 36.0481 34.5 36.0469Z\" fill=\"#0F0F0F\"><\/path><\/svg>\t\t\t\t<\/span>\n\t\t\t<\/div>\n\t\t\t\n\t\t\t\t\t\t<div class=\"elementor-icon-box-content\">\n\n\t\t\t\t\t\t\t\t\t<h3 class=\"elementor-icon-box-title\">\n\t\t\t\t\t\t<span  >\n\t\t\t\t\t\t\tinfo@atebe.es\t\t\t\t\t\t<\/span>\n\t\t\t\t\t<\/h3>\n\t\t\t\t\n\t\t\t\t\n\t\t\t<\/div>\n\t\t\t\n\t\t<\/div>\n\t\t\t\t\t\t<\/div>\n\t\t\t\t<\/div>\n\t\t<div class=\"elementor-element elementor-element-add156e e-con-full e-flex e-con e-child\" data-id=\"add156e\" data-element_type=\"container\" data-e-type=\"container\" data-settings=\"{&quot;background_background&quot;:&quot;gradient&quot;}\">\n\t\t\t\t<div class=\"elementor-element elementor-element-151590f elementor-view-default elementor-position-block-start elementor-mobile-position-block-start elementor-widget elementor-widget-icon-box\" data-id=\"151590f\" data-element_type=\"widget\" data-e-type=\"widget\" data-widget_type=\"icon-box.default\">\n\t\t\t\t\t\t\t<div class=\"elementor-icon-box-wrapper\">\n\n\t\t\t\t\t\t<div class=\"elementor-icon-box-icon\">\n\t\t\t\t<span  class=\"elementor-icon\">\n\t\t\t\t<svg xmlns=\"http:\/\/www.w3.org\/2000\/svg\" width=\"69\" height=\"69\" viewBox=\"0 0 69 69\" fill=\"none\"><rect width=\"69\" height=\"69\" rx=\"34.5\" fill=\"#0FB7BF\"><\/rect><path d=\"M25.5333 32.4833C27.9333 37.2 31.8 41.05 36.5167 43.4667L40.1833 39.8C40.6333 39.35 41.3 39.2 41.8833 39.4C43.75 40.0167 45.7667 40.35 47.8333 40.35C48.75 40.35 49.5 41.1 49.5 42.0167V47.8333C49.5 48.75 48.75 49.5 47.8333 49.5C32.1833 49.5 19.5 36.8167 19.5 21.1667C19.5 20.25 20.25 19.5 21.1667 19.5H27C27.9167 19.5 28.6667 20.25 28.6667 21.1667C28.6667 23.25 29 25.25 29.6167 27.1167C29.8 27.7 29.6667 28.35 29.2 28.8167L25.5333 32.4833Z\" fill=\"#0F0F0F\"><\/path><\/svg>\t\t\t\t<\/span>\n\t\t\t<\/div>\n\t\t\t\n\t\t\t\t\t\t<div class=\"elementor-icon-box-content\">\n\n\t\t\t\t\t\t\t\t\t<h3 class=\"elementor-icon-box-title\">\n\t\t\t\t\t\t<span  >\n\t\t\t\t\t\t\t91 758 26 28<br>609 46 46 44\t\t\t\t\t\t<\/span>\n\t\t\t\t\t<\/h3>\n\t\t\t\t\n\t\t\t\t\n\t\t\t<\/div>\n\t\t\t\n\t\t<\/div>\n\t\t\t\t\t\t<\/div>\n\t\t\t\t<\/div>\n\t\t\t\t<\/div>\n\t\t\t\t<div class=\"elementor-element elementor-element-003c3a3 elementor-widget elementor-widget-google_maps\" data-id=\"003c3a3\" data-element_type=\"widget\" data-e-type=\"widget\" data-widget_type=\"google_maps.default\">\n\t\t\t\t\t\t\t<div class=\"elementor-custom-embed\">\n\t\t\t<iframe loading=\"lazy\"\n\t\t\t\t\tsrc=\"https:\/\/maps.google.com\/maps?q=Pl.%20de%20Cascorro%2C%2011%2C%20Local%208%2C%20Centro%2C%2028005%20Madrid%2C%20Espa%C3%B1a&#038;t=m&#038;z=15&#038;output=embed&#038;iwloc=near\"\n\t\t\t\t\ttitle=\"Pl. de Cascorro, 11, Local 8, Centro, 28005 Madrid, Espa\u00f1a\"\n\t\t\t\t\taria-label=\"Pl. de Cascorro, 11, Local 8, Centro, 28005 Madrid, Espa\u00f1a\"\n\t\t\t><\/iframe>\n\t\t<\/div>\n\t\t\t\t\t\t<\/div>\n\t\t\t\t\t<\/div>\n\t\t\t\t<\/div>\n\t\t\t\t<\/div>\n\t\t","protected":false},"excerpt":{"rendered":"<p>Contacto Estamos aqu\u00ed para ayudarte. Rellena el formulario o utiliza nuestros datos de contacto. Env\u00edanos un mensaje Pl. de Cascorro, 11, Local 8, Centro, 28005 Madrid, Espa\u00f1a info@atebe.es 91 758 26 28609 46 46 44<\/p>","protected":false},"author":2,"featured_media":0,"parent":0,"menu_order":0,"comment_status":"closed","ping_status":"closed","template":"","meta":{"footnotes":""},"class_list":["post-19","page","type-page","status-publish","hentry"],"_links":{"self":[{"href":"https:\/\/atebeasesores.es\/en\/wp-json\/wp\/v2\/pages\/19","targetHints":{"allow":["GET"]}}],"collection":[{"href":"https:\/\/atebeasesores.es\/en\/wp-json\/wp\/v2\/pages"}],"about":[{"href":"https:\/\/atebeasesores.es\/en\/wp-json\/wp\/v2\/types\/page"}],"author":[{"embeddable":true,"href":"https:\/\/atebeasesores.es\/en\/wp-json\/wp\/v2\/users\/2"}],"replies":[{"embeddable":true,"href":"https:\/\/atebeasesores.es\/en\/wp-json\/wp\/v2\/comments?post=19"}],"version-history":[{"count":43,"href":"https:\/\/atebeasesores.es\/en\/wp-json\/wp\/v2\/pages\/19\/revisions"}],"predecessor-version":[{"id":402,"href":"https:\/\/atebeasesores.es\/en\/wp-json\/wp\/v2\/pages\/19\/revisions\/402"}],"wp:attachment":[{"href":"https:\/\/atebeasesores.es\/en\/wp-json\/wp\/v2\/media?parent=19"}],"curies":[{"name":"wp","href":"https:\/\/api.w.org\/{rel}","templated":true}]}}